
{"id":888,"date":"2023-03-15T09:28:02","date_gmt":"2023-03-15T08:28:02","guid":{"rendered":"http:\/\/val.gordonblair.com\/terms-of-business\/"},"modified":"2023-05-10T07:45:24","modified_gmt":"2023-05-10T05:45:24","slug":"terms-of-business","status":"publish","type":"page","link":"https:\/\/val.gordonblair.com\/fr\/terms-of-business\/","title":{"rendered":"Conditions g\u00e9n\u00e9rales d&rsquo;ex\u00e9cution des services"},"content":{"rendered":"<p>Les conditions g\u00e9n\u00e9rales d&rsquo;ex\u00e9cution des services sont disponibles sur demande au travers du <a href=\"https:\/\/val.gordonblair.com\/fr\/contact-us\/\">formulaire de contact.<\/a><\/p>\n","protected":false},"excerpt":{"rendered":"<p>Les conditions g\u00e9n\u00e9rales d&rsquo;ex\u00e9cution des services sont disponibles sur demande au travers du formulaire de contact.<\/p>\n","protected":false},"author":1,"featured_media":0,"parent":0,"menu_order":9,"comment_status":"closed","ping_status":"closed","template":"","meta":{"footnotes":""},"class_list":["post-888","page","type-page","status-publish","hentry"],"acf":[],"yoast_head":"<!-- This site is optimized with the Yoast SEO plugin v20.11 - https:\/\/yoast.com\/wordpress\/plugins\/seo\/ -->\n<title>Conditions g\u00e9n\u00e9rales d&#039;ex\u00e9cution des services - Gordon&#039;s Blair<\/title>\n<meta name=\"robots\" content=\"noindex, follow, max-snippet:-1, max-image-preview:large, max-video-preview:-1\" \/>\n<meta property=\"og:locale\" content=\"fr_FR\" \/>\n<meta property=\"og:type\" content=\"article\" \/>\n<meta property=\"og:title\" content=\"Conditions g\u00e9n\u00e9rales d&#039;ex\u00e9cution des services - Gordon&#039;s Blair\" \/>\n<meta property=\"og:description\" content=\"Les conditions g\u00e9n\u00e9rales d&rsquo;ex\u00e9cution des services sont disponibles sur demande au travers du formulaire de contact.\" \/>\n<meta property=\"og:url\" content=\"https:\/\/val.gordonblair.com\/fr\/terms-of-business\/\" \/>\n<meta property=\"og:site_name\" content=\"Gordon&#039;s Blair\" \/>\n<meta property=\"article:modified_time\" content=\"2023-05-10T05:45:24+00:00\" \/>\n<meta name=\"twitter:card\" content=\"summary_large_image\" \/>\n<meta name=\"twitter:label1\" content=\"Dur\u00e9e de lecture estim\u00e9e\" \/>\n\t<meta name=\"twitter:data1\" content=\"1 minute\" \/>\n<script type=\"application\/ld+json\" class=\"yoast-schema-graph\">{\"@context\":\"https:\/\/schema.org\",\"@graph\":[{\"@type\":\"WebPage\",\"@id\":\"https:\/\/val.gordonblair.com\/fr\/terms-of-business\/\",\"url\":\"https:\/\/val.gordonblair.com\/fr\/terms-of-business\/\",\"name\":\"Conditions g\u00e9n\u00e9rales d'ex\u00e9cution des services - Gordon&#039;s Blair\",\"isPartOf\":{\"@id\":\"https:\/\/val.gordonblair.com\/fr\/#website\"},\"datePublished\":\"2023-03-15T08:28:02+00:00\",\"dateModified\":\"2023-05-10T05:45:24+00:00\",\"breadcrumb\":{\"@id\":\"https:\/\/val.gordonblair.com\/fr\/terms-of-business\/#breadcrumb\"},\"inLanguage\":\"fr-FR\",\"potentialAction\":[{\"@type\":\"ReadAction\",\"target\":[\"https:\/\/val.gordonblair.com\/fr\/terms-of-business\/\"]}]},{\"@type\":\"BreadcrumbList\",\"@id\":\"https:\/\/val.gordonblair.com\/fr\/terms-of-business\/#breadcrumb\",\"itemListElement\":[{\"@type\":\"ListItem\",\"position\":1,\"name\":\"Accueil\",\"item\":\"https:\/\/val.gordonblair.com\/fr\/\"},{\"@type\":\"ListItem\",\"position\":2,\"name\":\"Conditions g\u00e9n\u00e9rales d&#8217;ex\u00e9cution des services\"}]},{\"@type\":\"WebSite\",\"@id\":\"https:\/\/val.gordonblair.com\/fr\/#website\",\"url\":\"https:\/\/val.gordonblair.com\/fr\/\",\"name\":\"Gordon&#039;s Blair\",\"description\":\"Un cabinet juridique et fiscal multidisciplinaire, d\u00e9di\u00e9 \u00e0 diff\u00e9rentes pratiques du droit\",\"potentialAction\":[{\"@type\":\"SearchAction\",\"target\":{\"@type\":\"EntryPoint\",\"urlTemplate\":\"https:\/\/val.gordonblair.com\/fr\/?s={search_term_string}\"},\"query-input\":\"required name=search_term_string\"}],\"inLanguage\":\"fr-FR\"}]}<\/script>\n<!-- \/ Yoast SEO plugin. -->","yoast_head_json":{"title":"Conditions g\u00e9n\u00e9rales d'ex\u00e9cution des services - Gordon&#039;s Blair","robots":{"index":"noindex","follow":"follow","max-snippet":"max-snippet:-1","max-image-preview":"max-image-preview:large","max-video-preview":"max-video-preview:-1"},"og_locale":"fr_FR","og_type":"article","og_title":"Conditions g\u00e9n\u00e9rales d'ex\u00e9cution des services - Gordon&#039;s Blair","og_description":"Les conditions g\u00e9n\u00e9rales d&rsquo;ex\u00e9cution des services sont disponibles sur demande au travers du formulaire de contact.","og_url":"https:\/\/val.gordonblair.com\/fr\/terms-of-business\/","og_site_name":"Gordon&#039;s Blair","article_modified_time":"2023-05-10T05:45:24+00:00","twitter_card":"summary_large_image","twitter_misc":{"Dur\u00e9e de lecture estim\u00e9e":"1 minute"},"schema":{"@context":"https:\/\/schema.org","@graph":[{"@type":"WebPage","@id":"https:\/\/val.gordonblair.com\/fr\/terms-of-business\/","url":"https:\/\/val.gordonblair.com\/fr\/terms-of-business\/","name":"Conditions g\u00e9n\u00e9rales d'ex\u00e9cution des services - Gordon&#039;s Blair","isPartOf":{"@id":"https:\/\/val.gordonblair.com\/fr\/#website"},"datePublished":"2023-03-15T08:28:02+00:00","dateModified":"2023-05-10T05:45:24+00:00","breadcrumb":{"@id":"https:\/\/val.gordonblair.com\/fr\/terms-of-business\/#breadcrumb"},"inLanguage":"fr-FR","potentialAction":[{"@type":"ReadAction","target":["https:\/\/val.gordonblair.com\/fr\/terms-of-business\/"]}]},{"@type":"BreadcrumbList","@id":"https:\/\/val.gordonblair.com\/fr\/terms-of-business\/#breadcrumb","itemListElement":[{"@type":"ListItem","position":1,"name":"Accueil","item":"https:\/\/val.gordonblair.com\/fr\/"},{"@type":"ListItem","position":2,"name":"Conditions g\u00e9n\u00e9rales d&#8217;ex\u00e9cution des services"}]},{"@type":"WebSite","@id":"https:\/\/val.gordonblair.com\/fr\/#website","url":"https:\/\/val.gordonblair.com\/fr\/","name":"Gordon&#039;s Blair","description":"Un cabinet juridique et fiscal multidisciplinaire, d\u00e9di\u00e9 \u00e0 diff\u00e9rentes pratiques du droit","potentialAction":[{"@type":"SearchAction","target":{"@type":"EntryPoint","urlTemplate":"https:\/\/val.gordonblair.com\/fr\/?s={search_term_string}"},"query-input":"required name=search_term_string"}],"inLanguage":"fr-FR"}]}},"_links":{"self":[{"href":"https:\/\/val.gordonblair.com\/fr\/wp-json\/wp\/v2\/pages\/888","targetHints":{"allow":["GET"]}}],"collection":[{"href":"https:\/\/val.gordonblair.com\/fr\/wp-json\/wp\/v2\/pages"}],"about":[{"href":"https:\/\/val.gordonblair.com\/fr\/wp-json\/wp\/v2\/types\/page"}],"author":[{"embeddable":true,"href":"https:\/\/val.gordonblair.com\/fr\/wp-json\/wp\/v2\/users\/1"}],"replies":[{"embeddable":true,"href":"https:\/\/val.gordonblair.com\/fr\/wp-json\/wp\/v2\/comments?post=888"}],"version-history":[{"count":8,"href":"https:\/\/val.gordonblair.com\/fr\/wp-json\/wp\/v2\/pages\/888\/revisions"}],"predecessor-version":[{"id":5940,"href":"https:\/\/val.gordonblair.com\/fr\/wp-json\/wp\/v2\/pages\/888\/revisions\/5940"}],"wp:attachment":[{"href":"https:\/\/val.gordonblair.com\/fr\/wp-json\/wp\/v2\/media?parent=888"}],"curies":[{"name":"wp","href":"https:\/\/api.w.org\/{rel}","templated":true}]}}